{"id":2,"date":"2020-11-14T19:01:44","date_gmt":"2020-11-14T19:01:44","guid":{"rendered":"http:\/\/huber.tax\/?page_id=2"},"modified":"2026-01-13T11:51:12","modified_gmt":"2026-01-13T11:51:12","slug":"sample-page","status":"publish","type":"page","link":"https:\/\/huber.tax\/","title":{"rendered":"Univ.-Lekt. StB Dr. Christian Huber P LL.M. (European Tax Law)"},"content":{"rendered":"<blockquote><p><strong><em>Wir Athener betrachten Beratungen nicht als Hindernisse auf dem Weg des Handelns, sondern wir halten sie f\u00fcr notwendige Voraussetzungen weisen Handelns. (Perikles, 500 \u2013 429 vChr)<\/em><\/strong><\/p><\/blockquote>\n<p><strong><img loading=\"lazy\" decoding=\"async\" class=\"size-medium wp-image-45 alignright\" src=\"http:\/\/huber.tax\/wp-content\/uploads\/2020\/12\/christian_huber_main_page-286x300.jpg\" alt=\"\" width=\"286\" height=\"300\" srcset=\"https:\/\/huber.tax\/wp-content\/uploads\/2020\/12\/christian_huber_main_page-286x300.jpg 286w, https:\/\/huber.tax\/wp-content\/uploads\/2020\/12\/christian_huber_main_page-400x420.jpg 400w, https:\/\/huber.tax\/wp-content\/uploads\/2020\/12\/christian_huber_main_page-250x263.jpg 250w, https:\/\/huber.tax\/wp-content\/uploads\/2020\/12\/christian_huber_main_page.jpg 600w\" sizes=\"auto, (max-width: 286px) 100vw, 286px\" \/>Ich begr\u00fc\u00dfe Sie sehr herzlich bei huber.tax Steuerberatung.<\/strong><\/p>\n<p>Meine Philosophie ist das Streben nach perfekter Verkn\u00fcpfung von Theorie und Praxis.<\/p>\n<p>Meine knapp 30-j\u00e4hrigen praktischen Erfahrungen bei national und international t\u00e4tigen Steuerberatungskanzleien in diversen T\u00e4tigkeitsbereichen werden verkn\u00fcpft mit meinen langj\u00e4hrigen T\u00e4tigkeiten als Vortragender an der Johannes Kepler Universit\u00e4t Linz, <span data-olk-copy-source=\"MessageBody\">als stellvertretender Vorsitzender und Pr\u00fcfungskommiss\u00e4r<\/span> an der Kammer der <span data-olk-copy-source=\"MessageBody\">Steuerberater:innen\u00a0und Wirtschaftspr\u00fcfer:innen<\/span> sowie als Autor eines Gro\u00dfkommentars f\u00fcr Finanzstrafrecht. Abgerundet wird mein Profil durch die spezifische Beratung von Berufskollegen, insbesondere in den Bereichen Finanzstrafrecht, Verfahrensrecht und Rechtsdurchsetzung. Eine detaillierte \u00dcbersicht der von mit erbrachten Leistungen finden Sie <a href=\"http:\/\/huber.tax\/?page_id=29\">HIER<\/a>.<\/p>\n","protected":false},"excerpt":{"rendered":"<p>Wir Athener betrachten Beratungen nicht als Hindernisse auf dem Weg des Handelns, sondern wir halten sie f\u00fcr notwendige Voraussetzungen weisen Handelns. (Perikles, 500 \u2013 429 vChr) Ich begr\u00fc\u00dfe Sie sehr herzlich bei huber.tax Steuerberatung. Meine Philosophie ist das Streben nach perfekter Verkn\u00fcpfung von Theorie und Praxis. Meine knapp 30-j\u00e4hrigen praktischen Erfahrungen bei national und international [&hellip;]<\/p>\n","protected":false},"author":1,"featured_media":0,"parent":0,"menu_order":0,"comment_status":"closed","ping_status":"open","template":"","meta":{"footnotes":""},"class_list":["post-2","page","type-page","status-publish","hentry"],"_links":{"self":[{"href":"https:\/\/huber.tax\/index.php?rest_route=\/wp\/v2\/pages\/2","targetHints":{"allow":["GET"]}}],"collection":[{"href":"https:\/\/huber.tax\/index.php?rest_route=\/wp\/v2\/pages"}],"about":[{"href":"https:\/\/huber.tax\/index.php?rest_route=\/wp\/v2\/types\/page"}],"author":[{"embeddable":true,"href":"https:\/\/huber.tax\/index.php?rest_route=\/wp\/v2\/users\/1"}],"replies":[{"embeddable":true,"href":"https:\/\/huber.tax\/index.php?rest_route=%2Fwp%2Fv2%2Fcomments&post=2"}],"version-history":[{"count":10,"href":"https:\/\/huber.tax\/index.php?rest_route=\/wp\/v2\/pages\/2\/revisions"}],"predecessor-version":[{"id":79,"href":"https:\/\/huber.tax\/index.php?rest_route=\/wp\/v2\/pages\/2\/revisions\/79"}],"wp:attachment":[{"href":"https:\/\/huber.tax\/index.php?rest_route=%2Fwp%2Fv2%2Fmedia&parent=2"}],"curies":[{"name":"wp","href":"https:\/\/api.w.org\/{rel}","templated":true}]}}