{"id":52,"date":"2020-12-06T15:32:36","date_gmt":"2020-12-06T15:32:36","guid":{"rendered":"http:\/\/huber.tax\/?page_id=52"},"modified":"2026-01-13T08:55:19","modified_gmt":"2026-01-13T08:55:19","slug":"publikationen","status":"publish","type":"page","link":"https:\/\/huber.tax\/?page_id=52","title":{"rendered":"PUBLIKATIONEN"},"content":{"rendered":"<h4>Kommentar:<\/h4>\n<p>Tannert\/Kotschnigg\/Twardosz, Gro\u00dfkommentar FinStrG<\/p>\n<h4>Publikationen:<\/h4>\n<p>Journal f\u00fcr Strafrecht: Bereichsleiter Finanzstrafrecht<\/p>\n<h3>2026<\/h3>\n<p>JSt 2026 (in Druck) \u2013 \u00c4nderungen im Bereich des Finanzstrafgesetzes durch das Betrugsbek\u00e4mpfungsgesetz 2025 Teil\u00a0Steuern (Teil 1)<\/p>\n<h3>2025<\/h3>\n<p>JSt 2025, 263 \u2013 Zur Zust\u00e4ndigkeitsabgrenzung innerhalb des Amtes f\u00fcr Betrugsbek\u00e4mpfung und des Zollamts \u00d6sterreich nach den jeweiligen Gesch\u00e4ftsverteilungen (Teil 4)<br \/>\nJSt 2025, 383 \u2013 Zur Zust\u00e4ndigkeitsabgrenzung innerhalb des Amtes f\u00fcr Betrugsbek\u00e4mpfung und des Zollamts \u00d6sterreich nach den jeweiligen Gesch\u00e4ftsverteilungen (Teil 5)<br \/>\nJSt 2025, 570 \u2013 Zur Zust\u00e4ndigkeitsabgrenzung innerhalb des Amtes f\u00fcr Betrugsbek\u00e4mpfung und des Zollamts \u00d6sterreich nach den jeweiligen Gesch\u00e4ftsverteilungen (Teil 6)<\/p>\n<h3>2024<\/h3>\n<p>JSt 2024, 138 \u2013 Zur Zust\u00e4ndigkeitsabgrenzung innerhalb des Amtes f\u00fcr Betrugsbek\u00e4mpfung und des Zollamts \u00d6sterreich nach den jeweiligen Gesch\u00e4ftsverteilungen (Teil 3)<br \/>\nJSt 2024, 365 \u2013 \u00c4nderungen im Bereich des Finanzstrafgesetzes durch das Betrugsbek\u00e4mpfungsgesetz 2024 Teil I (1. Teil)<br \/>\nJSt 2024, 574 \u2013 \u00c4nderungen im Bereich des Finanzstrafgesetzes durch das Betrugsbek\u00e4mpfungsgesetz 2024 Teil I (2. Teil)<\/p>\n<h3>2023<\/h3>\n<p>JSt 2023, 113 \u2013 Zur Zust\u00e4ndigkeitsabgrenzung innerhalb des Amtes f\u00fcr Betrugsbek\u00e4mpfung und des Zollamts \u00d6sterreich nach den jeweiligen Gesch\u00e4ftsverteilungen<br \/>\nJSt 2023, 344 \u2013 \u00c4nderungen im Bereich des Finanzstrafrechts durch das Abgaben\u00e4nderungsgesetz 2023<br \/>\nJSt 2023, 527 &#8211; Zur Zust\u00e4ndigkeitsabgrenzung innerhalb des Amtes f\u00fcr Betrugsbek\u00e4mpfung und des Zollamts \u00d6sterreich nach den jeweiligen Gesch\u00e4ftsverteilungen (Teil 2)<\/p>\n<h3>2022<\/h3>\n<p>JSt 2022, 537 \u2013 Ausgew\u00e4hlte Aspekte zum neuen Geldw\u00e4schereitatbestand des \u00a7\u00a0165 StGB durch das Terror-Bek\u00e4mpfungsgesetz<br \/>\nJSt 2022, 143 &#8211; \u00c4nderungen im Finanzstrafgesetz au\u00dferhalb der COVID-19 \u00dcbergangsregelungen<br \/>\nJSt 2022, 362 &#8211; K\u00fcnftige \u00c4nderungen im Finanzstrafgesetz durch den Entwurf zum Abgaben\u00e4nderungsgesetz 2022<\/p>\n<h3>2021<\/h3>\n<p>JSt 2021, 142 &#8211; V\u00f6llig neue Struktur der Finanzstrafbeh\u00f6rden ab 2021 \u2013 Teil 2<br \/>\nJSt 2021, 592 &#8211; Lange Anwendbarkeit der \u00dcbergangsregelungen der \u00a7 265 Abs 2c und \u00a7 265 Abs 2d FinStrG zu erwarten<\/p>\n<h3>2020<\/h3>\n<p>JSt 2020, 136 &#8211; \u00c4nderungen im Finanzstrafgesetz durch das EU-Anpassungsgesetz 2019 &#8211; Teil 2<br \/>\nJSt 2020, 330 &#8211; Die Einwirkungen der COVID-19 Pandemie auf das Finanzstrafrecht<br \/>\nJSt 2020, 469 &#8211; V\u00f6llig neue Struktur der Finanzstrafbeh\u00f6rden ab 2021 \u2013 Teil 1<\/p>\n<h3>2019<\/h3>\n<p>Buch &#8211; Steuerrecht f\u00fcr Juristen (2. Auflage)<br \/>\nJSt 2019, 145 &#8211; Grundz\u00fcge des verwaltungsbeh\u00f6rdlichen Finanzstrafverfahrens &#8211; Teil 3<br \/>\nJSt 2019, 347 &#8211; Die Europ\u00e4ische Ermittlungsanordnung (EEA) und ihr Umsetzung im Finanzstrafrecht (Teil 1)<br \/>\nJSt 2019, 540 &#8211; \u00c4nderungen im Finanzstrafgesetz durch das EU-Anpassungsgesetz 2019<\/p>\n<h3>2018<\/h3>\n<p>JSt 2018, 140 &#8211; Grundz\u00fcge des verwaltungsbeh\u00f6rdlichen Finanzstrafverfahrens &#8211; Teil 1<br \/>\nJSt 2018, 325 &#8211; Grundz\u00fcge des verwaltungsbeh\u00f6rdlichen Finanzstrafverfahrens &#8211; Teil 2<br \/>\nJSt 2018, 488 &#8211; \u00c4nderungen im Finanzstrafgesetz durch das Jahressteuergesetz 2018<\/p>\n<h3>2017<\/h3>\n<p>JSt 2017, 129 &#8211; Strafrechtliche Verantwortlichkeit von Verb\u00e4nden verfassungskonform<br \/>\nJSt 2017, 346 &#8211; Wirtschaftliches Eigent\u00fcmer Registergesetz und deren Auswirkungen auf das Finanzstrafgesetz<br \/>\nJSt 2017, 554 &#8211; Grundz\u00fcge des verwaltungsbeh\u00f6rdlichen Finanzstrafverfahrens<\/p>\n<h3>2016<\/h3>\n<p>JSt 2016, 145 &#8211; \u00c4nderungen im Finanzstrafgesetz durch das Steuerreformgesetz 2015\/2016<br \/>\nJSt 2016, 352 &#8211; \u00c4nderungen im Finanzstrafgesetz durch das Abg\u00c4G 2015<br \/>\nJSt 2016, 524 &#8211; \u00c4nderungen im Finanzstrafgesetz durch das EU-Abg\u00c4G 2016<\/p>\n<h3>2015<\/h3>\n<p>JSt 2015, 118 &#8211; Neuerungen im Finanzstrafgesetz durch das Abg\u00c4G 2014 und 2. Abg\u00c4G 2014<br \/>\nJSt 2015, 562 &#8211; Verk\u00fcrzungsdelikte erst ab grober Fahrl\u00e4ssigkeit strafbar<\/p>\n<h3>2014<\/h3>\n<p>JSt 2014, 33 &#8211; Neuerungen durch die Finanzstrafgesetznovelle 2013<br \/>\nJSt 2014, 231 &#8211; Neuerungen durch die Finanzstrafgesetznovelle 2014<\/p>\n<h3>2013<\/h3>\n<p>JSt 2013,46 &#8211; Erbringung gemeinn\u00fctziger Leistungen (&#8222;Schwitzen statt Sitzen&#8220;) auch im FinStrG<br \/>\nJSt 2013, 253 &#8211; Glosse zu VwGH 19.6.2013, 2012\/16\/0229<br \/>\nZFS 2013, 133 &#8211; Kein Insolvenz-Entgelt f\u00fcr einen Stifter infolge analoger Anwendung des \u00a7 1 Abs 6 Z 2 IESG<\/p>\n<h3>2012<\/h3>\n<p>Buch &#8211; Buch Steuerrecht f\u00fcr Juristen (1. Auflage)<\/p>\n<h3>2009<\/h3>\n<p>taxlex 2009, 114 &#8211; Finanzstrafrechtlicher Rechtsprechungs- und Literatur\u00fcberblick mit Anmerkungen April 2008 bis September 2008<\/p>\n<h3>2008<\/h3>\n<p>GeS 2008, 230 &#8211; Schenkungsmeldeverpflichtung nach \u00a7 121a BAO und deren Sanktionierung im FinStrG<br \/>\ntaxlex 2008, 114 &#8211; Finanzstrafrechtlicher Rechtsprechungs- und Literatur\u00fcberblick mit Anmerkungen Mai 2007 bis September 2007<br \/>\ntaxlex 2008, 499 &#8211; Finanzstrafrechtlicher Rechtsprechungs- und Literatur\u00fcberblick mit Anmerkungen Oktober 2007 bis M\u00e4rz 2008<\/p>\n<h3>2007<\/h3>\n<p>taxlex 2007, 109 &#8211; Rechtsprechungs- und Literatur\u00fcberblick FinStrG mit Anmerkungen von Mai 2006 bis September 2006<br \/>\ntaxlex 2007, 255 &#8211; Tagungsbericht Finanzstrafrechtliche Tagung 2007 in Linz<br \/>\ntaxlex 2007, 260 &#8211; Finanzstrafgesetznovelle 2007<br \/>\ntaxlex 2007, 383 &#8211; FinStrG im \u00dcberblick &#8211; Rechtsprechungs- und Literatur\u00fcbersicht von Oktober 2006 bis April 2007<br \/>\nderunternehmer.at &#8211; Neuorganisation der KIAB &#8211; Kontrolle illegaler Arbeitnehmerbesch\u00e4ftigung<\/p>\n<h3>2006<\/h3>\n<p>UFSaktuell 2006, 149 &#8211; Glossierung zu UFS 6.12.2005, RV\/0325-F\/04<br \/>\nAufsichtsrat aktuell 1\/2006, 4 &#8211; Der Aufsichtsrat und das neue Unternehmensstrafrecht &#8211; Teil 1<br \/>\nAufsichtsrat aktuell 2\/2006, 2 &#8211; Der Aufsichtsrat und das neue Unternehmensstrafrecht &#8211; Teil 2<br \/>\nJSt 2005, 77 &#8211; J\u00fcngste Entwicklungen der justiziellen Zusammenarbeit in Strafsachen der EU und Auswirkungen auf das \u00f6sterreichische Bankgeheimnis<br \/>\nJSt 2005, 93 &#8211; Nach gerichtlichem Freispruch gem. \u00a7 259 StPO kommt keine Verfolgung im verwaltungsbeh\u00f6rdlichen Finanzstrafverfahren mehr in Betracht<br \/>\ntaxlex 2006, 367 &#8211; Rechtsprechungs- und Literatur\u00fcberblick FinStrG mit Anmerkungen von Oktober 2005 bis April 2006<br \/>\nSWK 2006, S 774 &#8211; Steuerstrafverfahren deutscher Finanzbeh\u00f6rden durchbricht \u00f6sterreichisches Bankgeheimnis nicht!<br \/>\nJSt 2006, 197 &#8211; Tagungsbericht zur 11. Finanzstrafrechtlichen Tagung am 2.5.2006<\/p>\n<h3>2005<\/h3>\n<p>SWK 2005, W 93 &#8211; Nichtanmeldung von Haushaltshilfen weiterhin gerichtlich nicht strafbar!<br \/>\nUFSaktuell 2005, 288 &#8211; Beginn der Verj\u00e4hrungsfrist im Abgabenrecht und Finanzstrafrecht<br \/>\nUFSaktuell 2005, 406 &#8211; R\u00fcckzahlung von verj\u00e4hrten gemeinschaftsrechtswidrig erhobenen Abgaben unzul\u00e4ssig?<br \/>\ntaxlex 2005, 617 &#8211; Verbandverantwortlichkeit und Finanzstrafrecht<br \/>\nAlthuber\/Toifl, R\u00fcckforderung &#8211; Die Ab\u00e4nderung von Bescheiden aufgrund r\u00fcckwirkender Ereignisse (\u00a7 295a BAO)<br \/>\nJSt 2005, 91 &#8211; Tagungsbericht zur 10. Finanzstrafrechtlichen Tagung am 24.2.2005 &#8211; Grundrechtsfragen des Finanzstrafrechts<br \/>\nJSt 2005, 288 &#8211; Rechtsprechungs- und Literatur\u00fcbersicht mit Anmerkungen von Oktober 2004 bis April 2005<\/p>\n<h3>2004<\/h3>\n<p>SWK 2004, S 370 &#8211;\u00a0Energiebesteuerungs-Richtlinie beschlossen<br \/>\nJSt 2004, 124 &#8211; Glossierung zu VwGH 25.12.2002, 99\/14\/0273 &#8211; Nichtabfuhr der Kommunalsteuer bedingt durch schlechte wirtschaftliche Situation des Unternehmers nicht strafbar<br \/>\nJSt 2004, 137 &#8211; Konkurrenzen im Finanz- und Kriminalstrafrecht<\/p>\n<h3>2003<\/h3>\n<p>SWK 2003, S 609 &#8211; Einf\u00fchrung eines EDV-gest\u00fctzten Systems zur Bef\u00f6rderung und Kontrolle verbrauchsteuerpflichtiger Waren<\/p>\n<h3>2002<\/h3>\n<p>SWK 2002, S 327 &#8211; Zur Novellierung der Tabak-Struktur- und Steuersatz-Richtlinien<\/p>\n<h3>2000<\/h3>\n<p>\u00d6StZ 2000, 286 &#8211; Getr\u00e4nkesteuer &#8211; eine (fast) unendliche Geschichte<\/p>\n<p>&nbsp;<\/p>\n","protected":false},"excerpt":{"rendered":"<p>Kommentar: Tannert\/Kotschnigg\/Twardosz, Gro\u00dfkommentar FinStrG Publikationen: Journal f\u00fcr Strafrecht: Bereichsleiter Finanzstrafrecht 2026 JSt 2026 (in Druck) \u2013 \u00c4nderungen im Bereich des Finanzstrafgesetzes durch das Betrugsbek\u00e4mpfungsgesetz 2025 Teil\u00a0Steuern (Teil 1) 2025 JSt 2025, 263 \u2013 Zur Zust\u00e4ndigkeitsabgrenzung innerhalb des Amtes f\u00fcr Betrugsbek\u00e4mpfung und des Zollamts \u00d6sterreich nach den jeweiligen Gesch\u00e4ftsverteilungen (Teil 4) JSt 2025, 383 \u2013 Zur [&hellip;]<\/p>\n","protected":false},"author":1,"featured_media":0,"parent":0,"menu_order":0,"comment_status":"closed","ping_status":"closed","template":"","meta":{"footnotes":""},"class_list":["post-52","page","type-page","status-publish","hentry"],"_links":{"self":[{"href":"https:\/\/huber.tax\/index.php?rest_route=\/wp\/v2\/pages\/52","targetHints":{"allow":["GET"]}}],"collection":[{"href":"https:\/\/huber.tax\/index.php?rest_route=\/wp\/v2\/pages"}],"about":[{"href":"https:\/\/huber.tax\/index.php?rest_route=\/wp\/v2\/types\/page"}],"author":[{"embeddable":true,"href":"https:\/\/huber.tax\/index.php?rest_route=\/wp\/v2\/users\/1"}],"replies":[{"embeddable":true,"href":"https:\/\/huber.tax\/index.php?rest_route=%2Fwp%2Fv2%2Fcomments&post=52"}],"version-history":[{"count":10,"href":"https:\/\/huber.tax\/index.php?rest_route=\/wp\/v2\/pages\/52\/revisions"}],"predecessor-version":[{"id":56,"href":"https:\/\/huber.tax\/index.php?rest_route=\/wp\/v2\/pages\/52\/revisions\/56"}],"wp:attachment":[{"href":"https:\/\/huber.tax\/index.php?rest_route=%2Fwp%2Fv2%2Fmedia&parent=52"}],"curies":[{"name":"wp","href":"https:\/\/api.w.org\/{rel}","templated":true}]}}